{"id":152,"date":"2024-08-26T04:54:53","date_gmt":"2024-08-26T04:54:53","guid":{"rendered":"https:\/\/moebius.com.mx\/wp\/?page_id=152"},"modified":"2024-09-03T05:47:18","modified_gmt":"2024-09-03T05:47:18","slug":"odv","status":"publish","type":"page","link":"https:\/\/moebius.com.mx\/wp\/odv\/","title":{"rendered":"ODV"},"content":{"rendered":"<div class=\"wpb-content-wrapper\"><p>[vc_row][vc_column offset=&#8221;vc_hidden-xs&#8221;][vc_empty_space][\/vc_column][\/vc_row][vc_row][vc_column offset=&#8221;vc_hidden-sm vc_hidden-xs&#8221;][vc_column_text]<\/p>\n<h3><strong>M\u00f6bius te ofrece la pieza que falta (informaci\u00f3n o clientes) para que tu decisi\u00f3n o proceso de negocio avance de acuerdo al plan. Por ello, todas nuestras soluciones se dise\u00f1an:<\/strong><\/h3>\n<p>[\/vc_column_text][\/vc_column][\/vc_row][vc_row][vc_column offset=&#8221;vc_hidden-lg&#8221;][vc_column_text]<\/p>\n<p class=\"txt-contactanos-mobile\">M\u00f6bius te ofrece la pieza que falta (informaci\u00f3n o clientes) para que tu decisi\u00f3n o proceso de negocio avance de acuerdo al plan. Por ello, todas nuestras soluciones se dise\u00f1an:<\/p>\n<p>[\/vc_column_text][\/vc_column][\/vc_row][vc_row content_placement=&#8221;middle&#8221; css_animation=&#8221;fadeInLeft&#8221; css=&#8221;.vc_custom_1724911862888{margin-bottom: 20px !important;}&#8221; el_id=&#8221;linea1-desktop&#8221;][vc_column css_animation=&#8221;none&#8221; css=&#8221;.vc_custom_1724911529450{padding-top: 20px !important;padding-right: 20px !important;padding-bottom: 50px !important;padding-left: 20px !important;background-color: #dddddd !important;}&#8221; offset=&#8221;vc_hidden-xs&#8221;][vc_column_text]<\/p>\n<p class=\"txt-negro\"><strong>Con el mejor costo<\/strong> en comparaci\u00f3n directa que, adem\u00e1s, incluye diversos valores agregados sin costo en cada proyecto. Esto es posible porque cuidamos el dise\u00f1o, optimizamos la eficiencia operativa y usamos m\u00e9todos y tecnolog\u00eda avanzados.<\/p>\n<p>[\/vc_column_text][\/vc_column][\/vc_row][vc_row content_placement=&#8221;middle&#8221; css_animation=&#8221;fadeInLeft&#8221; css=&#8221;.vc_custom_1724911884418{margin-bottom: 20px !important;}&#8221; el_id=&#8221;linea2-desktop&#8221;][vc_column css_animation=&#8221;none&#8221; css=&#8221;.vc_custom_1724912083345{padding-top: 20px !important;padding-right: 20px !important;padding-bottom: 20px !important;padding-left: 20px !important;background-color: #2195a4 !important;}&#8221; offset=&#8221;vc_hidden-xs&#8221;][vc_column_text]<\/p>\n<p class=\"txt-metodos\"><strong>Los mejores tiempos<\/strong> de respuesta en el mercado. Nuestra experiencia, talento humano, procesos y tecnolog\u00eda permita responder \u00e1gilmente con absoluta calidad.<\/p>\n<p>[\/vc_column_text][\/vc_column][\/vc_row][vc_row content_placement=&#8221;middle&#8221; css_animation=&#8221;fadeInLeft&#8221; css=&#8221;.vc_custom_1724911953683{margin-bottom: 20px !important;}&#8221; el_id=&#8221;linea3-desktop&#8221;][vc_column css_animation=&#8221;none&#8221; css=&#8221;.vc_custom_1724912102509{padding-top: 20px !important;padding-right: 20px !important;padding-bottom: 20px !important;padding-left: 20px !important;background-color: #044153 !important;}&#8221; offset=&#8221;vc_hidden-xs&#8221;][vc_column_text]<\/p>\n<p class=\"txt-metodos\"><strong>Plenamente integrados al cliente:<\/strong> Nos alineamos para integrarnos con suavidad y eficacia en un punto claro de la cadena de valor \/ proceso de decisi\u00f3n \/ modelo de negocio. Incluso en su estilo corporativo.<\/p>\n<p>[\/vc_column_text][\/vc_column][\/vc_row][vc_row equal_height=&#8221;yes&#8221; css_animation=&#8221;fadeInLeft&#8221; css=&#8221;.vc_custom_1724911843790{margin-bottom: 20px !important;}&#8221; el_id=&#8221;linea1-mobile&#8221;][vc_column css_animation=&#8221;none&#8221; css=&#8221;.vc_custom_1724911495419{padding-top: 15px !important;padding-bottom: 115px !important;background-color: #dddddd !important;}&#8221; offset=&#8221;vc_hidden-lg&#8221;][vc_column_text]<\/p>\n<p class=\"txt-negro\"><strong>Con el mejor costo<\/strong> en comparaci\u00f3n directa que, adem\u00e1s, incluye diversos valores agregados sin costo en cada proyecto. Esto es posible porque cuidamos el dise\u00f1o, optimizamos la eficiencia operativa y usamos m\u00e9todos y tecnolog\u00eda avanzados.<\/p>\n<p>[\/vc_column_text][\/vc_column][\/vc_row][vc_row content_placement=&#8221;middle&#8221; css_animation=&#8221;fadeInLeft&#8221; css=&#8221;.vc_custom_1724911901539{margin-bottom: 20px !important;}&#8221; el_id=&#8221;linea2-mobile&#8221;][vc_column css_animation=&#8221;none&#8221; css=&#8221;.vc_custom_1724912551812{padding-top: 15px !important;padding-right: 20px !important;padding-bottom: 75px !important;padding-left: 20px !important;background-color: #2195a4 !important;}&#8221; offset=&#8221;vc_hidden-lg&#8221;][vc_column_text]<\/p>\n<p class=\"txt-metodos\"><strong>Los mejores tiempos<\/strong> de respuesta en el mercado. Nuestra experiencia, talento humano, procesos y tecnolog\u00eda permita responder \u00e1gilmente con absoluta calidad.<\/p>\n<p>[\/vc_column_text][\/vc_column][\/vc_row][vc_row content_placement=&#8221;middle&#8221; css_animation=&#8221;fadeInLeft&#8221; css=&#8221;.vc_custom_1724911923131{margin-bottom: 20px !important;}&#8221; el_id=&#8221;linea3-mobile&#8221;][vc_column css_animation=&#8221;none&#8221; css=&#8221;.vc_custom_1724912532714{padding-top: 15px !important;padding-right: 20px !important;padding-bottom: 100px !important;padding-left: 20px !important;background-color: #044153 !important;}&#8221; offset=&#8221;vc_hidden-lg&#8221;][vc_column_text]<\/p>\n<p class=\"txt-metodos\"><strong>Plenamente integrados al cliente:<\/strong> Nos alineamos para integrarnos con suavidad y eficacia en un punto claro de la cadena de valor \/ proceso de decisi\u00f3n \/ modelo de negocio. Incluso en su estilo corporativo.<\/p>\n<p>[\/vc_column_text][\/vc_column][\/vc_row][vc_row][vc_column offset=&#8221;vc_hidden-xs&#8221;][vc_empty_space][\/vc_column][\/vc_row][vc_row][vc_column offset=&#8221;vc_hidden-xs&#8221;][vc_column_text]<\/p>\n<h3><strong>Y todo esto es posible, precisamente, porque somos moebianos\u2026 <\/strong>\u00bfQu\u00e9 significa M\u00f6bius en marketing? Si tienes tiempo, checa el esp\u00edritu del concepto <a href=\"https:\/\/moebius.com.mx\/wp\/historia\/\">aqu\u00ed<\/a><\/h3>\n<p>[\/vc_column_text][\/vc_column][\/vc_row][vc_row][vc_column offset=&#8221;vc_hidden-lg&#8221;][vc_column_text]<\/p>\n<p class=\"txt-contactanos-mobile\"><strong>Y todo esto es posible, precisamente, porque somos moebianos\u2026 <\/strong>\u00bfQu\u00e9 significa M\u00f6bius en marketing? Si tienes tiempo, checa el esp\u00edritu del concepto <a href=\"https:\/\/moebius.com.mx\/wp\/historia\/\">aqu\u00ed<\/a><\/p>\n<p>[\/vc_column_text][\/vc_column][\/vc_row][vc_row][vc_column offset=&#8221;vc_hidden-xs&#8221;][vc_empty_space][\/vc_column][\/vc_row]<\/p>\n<\/div>","protected":false},"excerpt":{"rendered":"<p>[vc_row][vc_column offset=&#8221;vc_hidden-xs&#8221;][vc_empty_space][\/vc_column][\/vc_row][vc_row][vc_column offset=&#8221;vc_hidden-sm vc_hidden-xs&#8221;][vc_column_text] M\u00f6bius te ofrece la pieza que falta (informaci\u00f3n o clientes) para que tu decisi\u00f3n o proceso de negocio avance de acuerdo al<span class=\"excerpt-hellip\"> [\u2026]<\/span><\/p>\n","protected":false},"author":1,"featured_media":0,"parent":0,"menu_order":0,"comment_status":"open","ping_status":"closed","template":"","meta":{"_joinchat":[],"footnotes":""},"class_list":["post-152","page","type-page","status-publish","hentry"],"_links":{"self":[{"href":"https:\/\/moebius.com.mx\/wp\/wp-json\/wp\/v2\/pages\/152","targetHints":{"allow":["GET"]}}],"collection":[{"href":"https:\/\/moebius.com.mx\/wp\/wp-json\/wp\/v2\/pages"}],"about":[{"href":"https:\/\/moebius.com.mx\/wp\/wp-json\/wp\/v2\/types\/page"}],"author":[{"embeddable":true,"href":"https:\/\/moebius.com.mx\/wp\/wp-json\/wp\/v2\/users\/1"}],"replies":[{"embeddable":true,"href":"https:\/\/moebius.com.mx\/wp\/wp-json\/wp\/v2\/comments?post=152"}],"version-history":[{"count":31,"href":"https:\/\/moebius.com.mx\/wp\/wp-json\/wp\/v2\/pages\/152\/revisions"}],"predecessor-version":[{"id":300,"href":"https:\/\/moebius.com.mx\/wp\/wp-json\/wp\/v2\/pages\/152\/revisions\/300"}],"wp:attachment":[{"href":"https:\/\/moebius.com.mx\/wp\/wp-json\/wp\/v2\/media?parent=152"}],"curies":[{"name":"wp","href":"https:\/\/api.w.org\/{rel}","templated":true}]}}